{"id":2326,"date":"2024-01-27T11:22:26","date_gmt":"2024-01-27T10:22:26","guid":{"rendered":"https:\/\/klimaokosan.hu\/?post_type=product&#038;p=2326"},"modified":"2024-01-27T11:25:06","modified_gmt":"2024-01-27T10:25:06","slug":"midea-m4o-36fn8-qhb-106-kw-csepptalca-futeses-klima-multi-kulteri-egyseg","status":"publish","type":"product","link":"https:\/\/klimaokosan.hu\/?product=midea-m4o-36fn8-qhb-106-kw-csepptalca-futeses-klima-multi-kulteri-egyseg","title":{"rendered":"MIDEA M4O-36FN8-Q(HB) 10,6 KW CSEPPT\u00c1LCA F\u0170T\u00c9SES KL\u00cdMA MULTI K\u00dcLT\u00c9RI EGYS\u00c9G"},"content":{"rendered":"<ul>\n<li>5 belt\u00e9ri egys\u00e9ghez<\/li>\n<li>10,5 kW h\u0171t\u00e9si teljes\u00edtm\u00e9ny<\/li>\n<li>11 kW f\u0171t\u00e9si teljes\u00edtm\u00e9ny<\/li>\n<li>6,1\u00a0<span class=\"autohelp\" style=\"color: #008bd1;cursor: pointer\">SEER<\/span><\/li>\n<li>4,0\u00a0<span class=\"autohelp\" style=\"color: #008bd1;cursor: pointer\">SCOP<\/span><\/li>\n<li>energiatakar\u00e9kos inverteres vez\u00e9rl\u00e9s<\/li>\n<li>cseppt\u00e1lca f\u0171t\u00e9s<\/li>\n<li>m\u0171k\u00f6d\u00e9si tartom\u00e1ny (h\u0171t\u00e9s\/f\u0171t\u00e9s): -15 &#8211; 50 C \/ -15 &#8211; 24 C<\/li>\n<li>h\u0171t\u0151k\u00f6zeg: R32<\/li>\n<li>5 \u00e9v garancia<\/li>\n<\/ul>\n<p>&nbsp;<\/p>\n","protected":false},"excerpt":{"rendered":"<h1>.<\/h1>\n<h1>MIDEA M4O-36FN8-Q(HB) 10,6 KW CSEPPT\u00c1LCA F\u0170T\u00c9SES KL\u00cdMA MULTI K\u00dcLT\u00c9RI EGYS\u00c9G<\/h1>\n<div class=\"row column-content one-column-content product-positions-tabs m-0\">\n<div class=\"position-3-wrapper\">\n<div class=\"position-3-container\">\n<div class=\"tab-content product-page-tab-content\">\n<div id=\"tab-productcustomcontent\" class=\"tab-pane fade show active\" role=\"tabpanel\" aria-labelledby=\"productcustomcontent-tab\" data-tab=\"#tab_productcustomcontent\">\n<div id=\"productcustomcontent_wrapper\" class=\"module-productcustomcontent-wrapper\">\n<div id=\"productcustomcontent\" class=\"module home-position product-position productcustomcontent\">\n<div class=\"module-body\">\n<ul>\n<li><span class=\"autohelp\" style=\"color: #008bd1;cursor: pointer\">SEER<\/span>: 6,5 W\/W<\/li>\n<li><span class=\"autohelp\" style=\"color: #008bd1;cursor: pointer\">SCOP<\/span>: 4,0 W\/W<\/li>\n<li>T\u00e1pfesz\u00fclts\u00e9g: 220-240V,50Hz,1F\u00e1zis<\/li>\n<li>N\u00e9vleges h\u0171t\u0151teljes\u00edtm\u00e9ny: 10,5 kW<\/li>\n<li>N\u00e9vleges f\u0171t\u0151teljes\u00edtm\u00e9ny: 11,0 kW<\/li>\n<li>L\u00e9gsz\u00e1ll\u00edt\u00e1s: 4000 m3\/h<\/li>\n<li>Nett\u00f3 m\u00e9retek (sz\u00e9l. x mag. x m\u00e9ly.): 946 x 810 x 410 mm<\/li>\n<li>Folyad\u00e9kcs\u0151 m\u00e9ret: 4 x 6,35 mm<\/li>\n<li>G\u00e1zcs\u0151 m\u00e9ret: 3 x 9,52 mm + 1 x 12,7 mm<\/li>\n<li>L\u00e1bt\u00e1vols\u00e1g: 673 mm<\/li>\n<li>Max. r\u00e1k\u00f6thet\u0151 belt\u00e9ri egys\u00e9g: 4 db<\/li>\n<li>Max. cs\u0151hossz: 80 m<\/li>\n<li>Max. k\u00fclt\u00e9ri-belt\u00e9ri szintk\u00fcl\u00f6nbs\u00e9g: 15 m<\/li>\n<li>M\u0171k\u00f6d\u00e9si tartom\u00e1ny (h\u0171t\u00e9s): -15-50 \u2103<\/li>\n<li>M\u0171k\u00f6d\u00e9si tartom\u00e1ny (f\u0171t\u00e9s): -15-24 \u2103<\/li>\n<li>Nett\u00f3 t\u00f6meg: 68,8 kg<\/li>\n<li>H\u0171t\u0151k\u00f6zeg t\u00edpusa: R32<\/li>\n<li>H\u0171t\u0151k\u00f6zeg t\u00f6ltet: 2,1 kg<\/li>\n<\/ul>\n<\/div>\n<\/div>\n<\/div>\n<\/div>\n<\/div>\n<\/div>\n<\/div>\n<\/div>\n","protected":false},"featured_media":2321,"comment_status":"open","ping_status":"closed","template":"","meta":[],"product_cat":[76,81,78],"product_tag":[],"class_list":{"0":"post-2326","1":"product","2":"type-product","3":"status-publish","4":"has-post-thumbnail","6":"product_cat-klima","7":"product_cat-midea_mu","8":"product_cat-multisplit","10":"first","11":"instock","12":"shipping-taxable","13":"product-type-simple"},"_links":{"self":[{"href":"https:\/\/klimaokosan.hu\/index.php?rest_route=\/wp\/v2\/product\/2326","targetHints":{"allow":["GET"]}}],"collection":[{"href":"https:\/\/klimaokosan.hu\/index.php?rest_route=\/wp\/v2\/product"}],"about":[{"href":"https:\/\/klimaokosan.hu\/index.php?rest_route=\/wp\/v2\/types\/product"}],"replies":[{"embeddable":true,"href":"https:\/\/klimaokosan.hu\/index.php?rest_route=%2Fwp%2Fv2%2Fcomments&post=2326"}],"wp:featuredmedia":[{"embeddable":true,"href":"https:\/\/klimaokosan.hu\/index.php?rest_route=\/wp\/v2\/media\/2321"}],"wp:attachment":[{"href":"https:\/\/klimaokosan.hu\/index.php?rest_route=%2Fwp%2Fv2%2Fmedia&parent=2326"}],"wp:term":[{"taxonomy":"product_cat","embeddable":true,"href":"https:\/\/klimaokosan.hu\/index.php?rest_route=%2Fwp%2Fv2%2Fproduct_cat&post=2326"},{"taxonomy":"product_tag","embeddable":true,"href":"https:\/\/klimaokosan.hu\/index.php?rest_route=%2Fwp%2Fv2%2Fproduct_tag&post=2326"}],"curies":[{"name":"wp","href":"https:\/\/api.w.org\/{rel}","templated":true}]}}